{"id":490,"date":"2024-06-11T09:26:58","date_gmt":"2024-06-11T07:26:58","guid":{"rendered":"https:\/\/restaurantxiroi.com\/?page_id=490"},"modified":"2025-11-18T16:08:00","modified_gmt":"2025-11-18T15:08:00","slug":"reservas","status":"publish","type":"page","link":"https:\/\/restaurantxiroi.com\/es\/reservas\/","title":{"rendered":"RESERVA"},"content":{"rendered":"<div data-elementor-type=\"wp-page\" data-elementor-id=\"490\" class=\"elementor elementor-490\" data-elementor-post-type=\"page\">\n\t\t\t\t<div class=\"elementor-element elementor-element-04b8cd4 e-flex e-con-boxed e-con e-parent\" data-id=\"04b8cd4\" data-element_type=\"container\" data-settings=\"{&quot;background_background&quot;:&quot;classic&quot;}\">\n\t\t\t\t\t<div class=\"e-con-inner\">\n\t\t<div class=\"elementor-element elementor-element-3334eb7 e-con-full e-flex e-con e-child\" data-id=\"3334eb7\" data-element_type=\"container\">\n\t\t\t\t<div class=\"elementor-element elementor-element-489448a elementor-widget elementor-widget-heading\" data-id=\"489448a\" data-element_type=\"widget\" data-widget_type=\"heading.default\">\n\t\t\t\t<div class=\"elementor-widget-container\">\n\t\t\t\t\t<p class=\"elementor-heading-title elementor-size-default\">\u00a1Haz tu reserva!<\/p>\t\t\t\t<\/div>\n\t\t\t\t<\/div>\n\t\t\t\t<div class=\"elementor-element elementor-element-67784c1 e-transform elementor-widget elementor-widget-heading\" data-id=\"67784c1\" data-element_type=\"widget\" data-settings=\"{&quot;_transform_rotateZ_effect&quot;:{&quot;unit&quot;:&quot;px&quot;,&quot;size&quot;:-2.2,&quot;sizes&quot;:[]},&quot;_transform_rotateZ_effect_widescreen&quot;:{&quot;unit&quot;:&quot;deg&quot;,&quot;size&quot;:&quot;&quot;,&quot;sizes&quot;:[]},&quot;_transform_rotateZ_effect_laptop&quot;:{&quot;unit&quot;:&quot;deg&quot;,&quot;size&quot;:&quot;&quot;,&quot;sizes&quot;:[]},&quot;_transform_rotateZ_effect_tablet&quot;:{&quot;unit&quot;:&quot;deg&quot;,&quot;size&quot;:&quot;&quot;,&quot;sizes&quot;:[]},&quot;_transform_rotateZ_effect_mobile&quot;:{&quot;unit&quot;:&quot;deg&quot;,&quot;size&quot;:&quot;&quot;,&quot;sizes&quot;:[]}}\" data-widget_type=\"heading.default\">\n\t\t\t\t<div class=\"elementor-widget-container\">\n\t\t\t\t\t<p class=\"elementor-heading-title elementor-size-default\">\u00a1y p\u00e1satelo Xiroi!<\/p>\t\t\t\t<\/div>\n\t\t\t\t<\/div>\n\t\t\t\t<div class=\"elementor-element elementor-element-aff6b41 elementor-hidden-widescreen elementor-hidden-desktop elementor-hidden-laptop elementor-widget elementor-widget-shortcode\" data-id=\"aff6b41\" data-element_type=\"widget\" data-widget_type=\"shortcode.default\">\n\t\t\t\t<div class=\"elementor-widget-container\">\n\t\t\t\t\t\t\t<div class=\"elementor-shortcode\"><iframe title=\"Reservas\" src=\"https:\/\/www.covermanager.com\/reservation\/module_restaurant\/restaurante-xiroi\/catalan?template=trans-black&\" frameborder=\"0\" height=\"560\" width=\"100%\"><\/iframe><\/div>\n\t\t\t\t\t\t<\/div>\n\t\t\t\t<\/div>\n\t\t<div class=\"elementor-element elementor-element-1f5e011 e-flex e-con-boxed e-con e-child\" data-id=\"1f5e011\" data-element_type=\"container\">\n\t\t\t\t\t<div class=\"e-con-inner\">\n\t\t\t\t<div class=\"elementor-element elementor-element-3326c5f elementor-widget elementor-widget-heading\" data-id=\"3326c5f\" data-element_type=\"widget\" data-widget_type=\"heading.default\">\n\t\t\t\t<div class=\"elementor-widget-container\">\n\t\t\t\t\t<h1 class=\"elementor-heading-title elementor-size-default\">Reservas Restaurante Xiroi<\/h1>\t\t\t\t<\/div>\n\t\t\t\t<\/div>\n\t\t\t\t<div class=\"elementor-element elementor-element-5a93575 elementor-widget elementor-widget-heading\" data-id=\"5a93575\" data-element_type=\"widget\" data-widget_type=\"heading.default\">\n\t\t\t\t<div class=\"elementor-widget-container\">\n\t\t\t\t\t<h2 class=\"elementor-heading-title elementor-size-default\">Reservar mesa en el restaurante Xiroi<\/h2>\t\t\t\t<\/div>\n\t\t\t\t<\/div>\n\t\t\t\t<div class=\"elementor-element elementor-element-8f01d14 elementor-widget elementor-widget-text-editor\" data-id=\"8f01d14\" data-element_type=\"widget\" data-widget_type=\"text-editor.default\">\n\t\t\t\t<div class=\"elementor-widget-container\">\n\t\t\t\t\t\t\t\t\t<ul><li>Si no puede realizar su reserva online, por favor llame al 932 213 558. <strong>truca al 932 213 558.<br \/><br \/><\/strong><\/li><li>Su reserva ser\u00e1 cancelada pasados 10 minutos si no recibimos una notificaci\u00f3n por su parte.<\/li><\/ul>\t\t\t\t\t\t\t\t<\/div>\n\t\t\t\t<\/div>\n\t\t\t\t<div class=\"elementor-element elementor-element-03ce082 elementor-widget elementor-widget-spacer\" data-id=\"03ce082\" data-element_type=\"widget\" data-widget_type=\"spacer.default\">\n\t\t\t\t<div class=\"elementor-widget-container\">\n\t\t\t\t\t\t\t<div class=\"elementor-spacer\">\n\t\t\t<div class=\"elementor-spacer-inner\"><\/div>\n\t\t<\/div>\n\t\t\t\t\t\t<\/div>\n\t\t\t\t<\/div>\n\t\t\t\t<div class=\"elementor-element elementor-element-3510dbb elementor-widget elementor-widget-heading\" data-id=\"3510dbb\" data-element_type=\"widget\" data-widget_type=\"heading.default\">\n\t\t\t\t<div class=\"elementor-widget-container\">\n\t\t\t\t\t<p class=\"elementor-heading-title elementor-size-default\">Peticiones especiales<\/p>\t\t\t\t<\/div>\n\t\t\t\t<\/div>\n\t\t\t\t<div class=\"elementor-element elementor-element-52ba239 elementor-widget elementor-widget-text-editor\" data-id=\"52ba239\" data-element_type=\"widget\" data-widget_type=\"text-editor.default\">\n\t\t\t\t<div class=\"elementor-widget-container\">\n\t\t\t\t\t\t\t\t\t<ul><li>Indique cualquier solicitud en la secci\u00f3n de comentarios y haremos todo lo posible para cumplirla.<br \/><br \/><\/li><li>Si trae carrito de beb\u00e9 y necesita espacio, por favor ind\u00edquelo.<br \/><br \/><\/li><li>El restaurante est\u00e1 adaptado para personas con movilidad reducida. Le rogamos que nos informe para disponer del espacio necesario.<\/li><\/ul>\t\t\t\t\t\t\t\t<\/div>\n\t\t\t\t<\/div>\n\t\t\t\t<div class=\"elementor-element elementor-element-beba4da elementor-widget elementor-widget-spacer\" data-id=\"beba4da\" data-element_type=\"widget\" data-widget_type=\"spacer.default\">\n\t\t\t\t<div class=\"elementor-widget-container\">\n\t\t\t\t\t\t\t<div class=\"elementor-spacer\">\n\t\t\t<div class=\"elementor-spacer-inner\"><\/div>\n\t\t<\/div>\n\t\t\t\t\t\t<\/div>\n\t\t\t\t<\/div>\n\t\t\t\t<div class=\"elementor-element elementor-element-8102a9a elementor-widget elementor-widget-heading\" data-id=\"8102a9a\" data-element_type=\"widget\" data-widget_type=\"heading.default\">\n\t\t\t\t<div class=\"elementor-widget-container\">\n\t\t\t\t\t<p class=\"elementor-heading-title elementor-size-default\">Aparcamiento<\/p>\t\t\t\t<\/div>\n\t\t\t\t<\/div>\n\t\t\t\t<div class=\"elementor-element elementor-element-2e85ac2 elementor-widget elementor-widget-text-editor\" data-id=\"2e85ac2\" data-element_type=\"widget\" data-widget_type=\"text-editor.default\">\n\t\t\t\t<div class=\"elementor-widget-container\">\n\t\t\t\t\t\t\t\t\t<p>Le ofrecemos hasta 2 horas de parking gratuito (BSM Marina Port, situado a menos de 10 minutos a pie del restaurante).<\/p>\t\t\t\t\t\t\t\t<\/div>\n\t\t\t\t<\/div>\n\t\t\t\t<div class=\"elementor-element elementor-element-983a7d6 elementor-widget elementor-widget-spacer\" data-id=\"983a7d6\" data-element_type=\"widget\" data-widget_type=\"spacer.default\">\n\t\t\t\t<div class=\"elementor-widget-container\">\n\t\t\t\t\t\t\t<div class=\"elementor-spacer\">\n\t\t\t<div class=\"elementor-spacer-inner\"><\/div>\n\t\t<\/div>\n\t\t\t\t\t\t<\/div>\n\t\t\t\t<\/div>\n\t\t\t\t<div class=\"elementor-element elementor-element-5f225d2 elementor-widget elementor-widget-image\" data-id=\"5f225d2\" data-element_type=\"widget\" data-widget_type=\"image.default\">\n\t\t\t\t<div class=\"elementor-widget-container\">\n\t\t\t\t\t\t\t\t\t\t\t\t\t\t\t<img fetchpriority=\"high\" decoding=\"async\" width=\"400\" height=\"342\" src=\"https:\/\/restaurantxiroi.com\/wp-content\/uploads\/2025\/01\/ilustracion-brindis-ivan-bravo-restaurante-xiroi.png\" class=\"attachment-full size-full wp-image-2663\" alt=\"Ilustraci\u00f3n Brindis Ivan Bravo | Restaurante Xiroi\" srcset=\"https:\/\/restaurantxiroi.com\/wp-content\/uploads\/2025\/01\/ilustracion-brindis-ivan-bravo-restaurante-xiroi.png 400w, https:\/\/restaurantxiroi.com\/wp-content\/uploads\/2025\/01\/ilustracion-brindis-ivan-bravo-restaurante-xiroi-300x257.png 300w, https:\/\/restaurantxiroi.com\/wp-content\/uploads\/2025\/01\/ilustracion-brindis-ivan-bravo-restaurante-xiroi-14x12.png 14w\" sizes=\"(max-width: 400px) 100vw, 400px\" \/>\t\t\t\t\t\t\t\t\t\t\t\t\t\t\t<\/div>\n\t\t\t\t<\/div>\n\t\t\t\t<div class=\"elementor-element elementor-element-acb982e elementor-widget elementor-widget-heading\" data-id=\"acb982e\" data-element_type=\"widget\" data-widget_type=\"heading.default\">\n\t\t\t\t<div class=\"elementor-widget-container\">\n\t\t\t\t\t<p class=\"elementor-heading-title elementor-size-default\">Reservas de grupo<\/p>\t\t\t\t<\/div>\n\t\t\t\t<\/div>\n\t\t\t\t<div class=\"elementor-element elementor-element-1421a67 elementor-widget elementor-widget-text-editor\" data-id=\"1421a67\" data-element_type=\"widget\" data-widget_type=\"text-editor.default\">\n\t\t\t\t<div class=\"elementor-widget-container\">\n\t\t\t\t\t\t\t\t\t<p>Disponemos de men\u00fas para grupos de m\u00e1s de 10 personas.\u00a0<br \/>V\u00e1lidos todos los d\u00edas excepto fines de semana al mediod\u00eda y festivos.\u00a0<br \/>P\u00eddanos m\u00e1s informaci\u00f3n en el correo grupos@familianuri.com o llamando al (+34) 678 319 234<\/p>\t\t\t\t\t\t\t\t<\/div>\n\t\t\t\t<\/div>\n\t\t\t\t<div class=\"elementor-element elementor-element-ccba2b5 elementor-widget elementor-widget-spacer\" data-id=\"ccba2b5\" data-element_type=\"widget\" data-widget_type=\"spacer.default\">\n\t\t\t\t<div class=\"elementor-widget-container\">\n\t\t\t\t\t\t\t<div class=\"elementor-spacer\">\n\t\t\t<div class=\"elementor-spacer-inner\"><\/div>\n\t\t<\/div>\n\t\t\t\t\t\t<\/div>\n\t\t\t\t<\/div>\n\t\t\t\t<div class=\"elementor-element elementor-element-2042000 elementor-widget elementor-widget-heading\" data-id=\"2042000\" data-element_type=\"widget\" data-widget_type=\"heading.default\">\n\t\t\t\t<div class=\"elementor-widget-container\">\n\t\t\t\t\t<h3 class=\"elementor-heading-title elementor-size-default\">Reserva online en el restaurante de tapas y arroces Xiroi de Barcelona<\/h3>\t\t\t\t<\/div>\n\t\t\t\t<\/div>\n\t\t\t\t\t<\/div>\n\t\t\t\t<\/div>\n\t\t\t\t<\/div>\n\t\t<div class=\"elementor-element elementor-element-f2a3524 e-con-full e-flex e-con e-child\" data-id=\"f2a3524\" data-element_type=\"container\" data-settings=\"{&quot;sticky&quot;:&quot;top&quot;,&quot;sticky_on&quot;:[&quot;widescreen&quot;,&quot;desktop&quot;,&quot;laptop&quot;],&quot;sticky_offset&quot;:80,&quot;sticky_parent&quot;:&quot;yes&quot;,&quot;sticky_effects_offset&quot;:0,&quot;sticky_anchor_link_offset&quot;:0}\">\n\t\t\t\t<div class=\"elementor-element elementor-element-398a9b7 elementor-hidden-tablet elementor-hidden-mobile elementor-widget elementor-widget-shortcode\" data-id=\"398a9b7\" data-element_type=\"widget\" data-widget_type=\"shortcode.default\">\n\t\t\t\t<div class=\"elementor-widget-container\">\n\t\t\t\t\t\t\t<div class=\"elementor-shortcode\">\n\n\n\n\n\n\n\n\n<iframe title=\"Reservas\" src=\"https:\/\/www.covermanager.com\/reservation\/module_restaurant\/restaurante-xiroi\/spanish?template=trans-black&\" frameborder=\"0\" height=\"560\" width=\"100%\"><\/iframe>\n<\/div>\n\t\t\t\t\t\t<\/div>\n\t\t\t\t<\/div>\n\t\t\t\t<\/div>\n\t\t\t\t\t<\/div>\n\t\t\t\t<\/div>\n\t\t\t\t<\/div>","protected":false},"excerpt":{"rendered":"<p>Fes la teva reserva! i passa-t\u2019ho Xiroi! Reserves Restaurant Xiroi Reservar taula al restaurant Xiroi Si no pots realitzar la teva reserva online, si us plau truca al 932 213 558. La teva reserva quedar\u00e0 anul\u00b7lada passats 10 minuts si no rebem una notificaci\u00f3 per la teva part. PETICIONS ESPECIALS Indica qualsevol petici\u00f3 a la [&hellip;]<\/p>","protected":false},"author":1,"featured_media":0,"parent":0,"menu_order":0,"comment_status":"closed","ping_status":"closed","template":"elementor_header_footer","meta":{"footnotes":""},"class_list":["post-490","page","type-page","status-publish","hentry"],"yoast_head":"<!-- This site is optimized with the Yoast SEO plugin v25.9 - https:\/\/yoast.com\/wordpress\/plugins\/seo\/ -->\n<title>Reservar Taula al Restaurant Xiroi | I passa-t&#039;ho Xiroi!<\/title>\n<meta name=\"description\" content=\"Reserva taula al restaurant Xiroi de Barcelona. On la cuina, el bon rotllo i el mar, fan la recepta perfecta. T\u2019oferim fins a 2 hores de p\u00e0rquing gratu\u00eft.\" \/>\n<meta name=\"robots\" content=\"index, follow, max-snippet:-1, max-image-preview:large, max-video-preview:-1\" \/>\n<link rel=\"canonical\" href=\"https:\/\/restaurantxiroi.com\/es\/reservas\/\" \/>\n<meta property=\"og:locale\" content=\"es_ES\" \/>\n<meta property=\"og:type\" content=\"article\" \/>\n<meta property=\"og:title\" content=\"Reservar Taula al Restaurant Xiroi | I passa-t&#039;ho Xiroi!\" \/>\n<meta property=\"og:description\" content=\"Reserva taula al restaurant Xiroi de Barcelona. On la cuina, el bon rotllo i el mar, fan la recepta perfecta. T\u2019oferim fins a 2 hores de p\u00e0rquing gratu\u00eft.\" \/>\n<meta property=\"og:url\" content=\"https:\/\/restaurantxiroi.com\/es\/reservas\/\" \/>\n<meta property=\"og:site_name\" content=\"Restaurant Xiroi\" \/>\n<meta property=\"article:publisher\" content=\"https:\/\/www.facebook.com\/xiroibarcelona\" \/>\n<meta property=\"article:modified_time\" content=\"2025-11-18T15:08:00+00:00\" \/>\n<meta property=\"og:image\" content=\"https:\/\/restaurantxiroi.com\/wp-content\/uploads\/2024\/06\/cropped-Favicon-Xiroi_Mesa-de-trabajo-1-copia-5.png\" \/>\n\t<meta property=\"og:image:width\" content=\"512\" \/>\n\t<meta property=\"og:image:height\" content=\"512\" \/>\n\t<meta property=\"og:image:type\" content=\"image\/png\" \/>\n<meta name=\"twitter:card\" content=\"summary_large_image\" \/>\n<meta name=\"twitter:label1\" content=\"Tiempo de lectura\" \/>\n\t<meta name=\"twitter:data1\" content=\"2 minutos\" \/>\n<script type=\"application\/ld+json\" class=\"yoast-schema-graph\">{\"@context\":\"https:\/\/schema.org\",\"@graph\":[{\"@type\":\"WebPage\",\"@id\":\"https:\/\/restaurantxiroi.com\/reserves\/\",\"url\":\"https:\/\/restaurantxiroi.com\/reserves\/\",\"name\":\"Reservar Taula al Restaurant Xiroi | I passa-t'ho Xiroi!\",\"isPartOf\":{\"@id\":\"https:\/\/restaurantxiroi.com\/#website\"},\"primaryImageOfPage\":{\"@id\":\"https:\/\/restaurantxiroi.com\/reserves\/#primaryimage\"},\"image\":{\"@id\":\"https:\/\/restaurantxiroi.com\/reserves\/#primaryimage\"},\"thumbnailUrl\":\"https:\/\/restaurantxiroi.com\/wp-content\/uploads\/2025\/01\/ilustracio-brindis-ivan-bravo-restaurant-xiroi.png\",\"datePublished\":\"2024-06-11T07:26:58+00:00\",\"dateModified\":\"2025-11-18T15:08:00+00:00\",\"description\":\"Reserva taula al restaurant Xiroi de Barcelona. On la cuina, el bon rotllo i el mar, fan la recepta perfecta. T\u2019oferim fins a 2 hores de p\u00e0rquing gratu\u00eft.\",\"breadcrumb\":{\"@id\":\"https:\/\/restaurantxiroi.com\/reserves\/#breadcrumb\"},\"inLanguage\":\"es\",\"potentialAction\":[{\"@type\":\"ReadAction\",\"target\":[\"https:\/\/restaurantxiroi.com\/reserves\/\"]}]},{\"@type\":\"ImageObject\",\"inLanguage\":\"es\",\"@id\":\"https:\/\/restaurantxiroi.com\/reserves\/#primaryimage\",\"url\":\"https:\/\/restaurantxiroi.com\/wp-content\/uploads\/2025\/01\/ilustracio-brindis-ivan-bravo-restaurant-xiroi.png\",\"contentUrl\":\"https:\/\/restaurantxiroi.com\/wp-content\/uploads\/2025\/01\/ilustracio-brindis-ivan-bravo-restaurant-xiroi.png\"},{\"@type\":\"BreadcrumbList\",\"@id\":\"https:\/\/restaurantxiroi.com\/reserves\/#breadcrumb\",\"itemListElement\":[{\"@type\":\"ListItem\",\"position\":1,\"name\":\"Home\",\"item\":\"https:\/\/restaurantxiroi.com\/\"},{\"@type\":\"ListItem\",\"position\":2,\"name\":\"RESERVA\"}]},{\"@type\":\"WebSite\",\"@id\":\"https:\/\/restaurantxiroi.com\/#website\",\"url\":\"https:\/\/restaurantxiroi.com\/\",\"name\":\"Restaurant Xiroi\",\"description\":\"\",\"publisher\":{\"@id\":\"https:\/\/restaurantxiroi.com\/#organization\"},\"potentialAction\":[{\"@type\":\"SearchAction\",\"target\":{\"@type\":\"EntryPoint\",\"urlTemplate\":\"https:\/\/restaurantxiroi.com\/?s={search_term_string}\"},\"query-input\":{\"@type\":\"PropertyValueSpecification\",\"valueRequired\":true,\"valueName\":\"search_term_string\"}}],\"inLanguage\":\"es\"},{\"@type\":\"Organization\",\"@id\":\"https:\/\/restaurantxiroi.com\/#organization\",\"name\":\"Restaurant Xiroi\",\"url\":\"https:\/\/restaurantxiroi.com\/\",\"logo\":{\"@type\":\"ImageObject\",\"inLanguage\":\"es\",\"@id\":\"https:\/\/restaurantxiroi.com\/#\/schema\/logo\/image\/\",\"url\":\"https:\/\/restaurantxiroi.com\/wp-content\/uploads\/2024\/05\/LOGO-XIROI.svg\",\"contentUrl\":\"https:\/\/restaurantxiroi.com\/wp-content\/uploads\/2024\/05\/LOGO-XIROI.svg\",\"caption\":\"Restaurant Xiroi\"},\"image\":{\"@id\":\"https:\/\/restaurantxiroi.com\/#\/schema\/logo\/image\/\"},\"sameAs\":[\"https:\/\/www.facebook.com\/xiroibarcelona\",\"https:\/\/www.instagram.com\/xiroibarcelona\/\"]}]}<\/script>\n<!-- \/ Yoast SEO plugin. -->","yoast_head_json":{"title":"Reservar Mesa en el Restaurante Xiroi | \u00a1Y p\u00e1satelo Xiroi!","description":"Reserva mesa en el restaurante Xiroi de Barcelona. Donde la cocina, el buen rollo y el mar hacen la receta perfecta. Ofrecemos 2 horas de parking gratuito.","robots":{"index":"index","follow":"follow","max-snippet":"max-snippet:-1","max-image-preview":"max-image-preview:large","max-video-preview":"max-video-preview:-1"},"canonical":"https:\/\/restaurantxiroi.com\/es\/reservas\/","og_locale":"es_ES","og_type":"article","og_title":"Reservar Taula al Restaurant Xiroi | I passa-t'ho Xiroi!","og_description":"Reserva taula al restaurant Xiroi de Barcelona. On la cuina, el bon rotllo i el mar, fan la recepta perfecta. T\u2019oferim fins a 2 hores de p\u00e0rquing gratu\u00eft.","og_url":"https:\/\/restaurantxiroi.com\/es\/reservas\/","og_site_name":"Restaurant Xiroi","article_publisher":"https:\/\/www.facebook.com\/xiroibarcelona","article_modified_time":"2025-11-18T15:08:00+00:00","og_image":[{"width":512,"height":512,"url":"https:\/\/restaurantxiroi.com\/wp-content\/uploads\/2024\/06\/cropped-Favicon-Xiroi_Mesa-de-trabajo-1-copia-5.png","type":"image\/png"}],"twitter_card":"summary_large_image","twitter_misc":{"Tiempo de lectura":"2 minutos"},"schema":{"@context":"https:\/\/schema.org","@graph":[{"@type":"WebPage","@id":"https:\/\/restaurantxiroi.com\/reserves\/","url":"https:\/\/restaurantxiroi.com\/reserves\/","name":"Reservar Mesa en el Restaurante Xiroi | \u00a1Y p\u00e1satelo Xiroi!","isPartOf":{"@id":"https:\/\/restaurantxiroi.com\/#website"},"primaryImageOfPage":{"@id":"https:\/\/restaurantxiroi.com\/reserves\/#primaryimage"},"image":{"@id":"https:\/\/restaurantxiroi.com\/reserves\/#primaryimage"},"thumbnailUrl":"https:\/\/restaurantxiroi.com\/wp-content\/uploads\/2025\/01\/ilustracio-brindis-ivan-bravo-restaurant-xiroi.png","datePublished":"2024-06-11T07:26:58+00:00","dateModified":"2025-11-18T15:08:00+00:00","description":"Reserva mesa en el restaurante Xiroi de Barcelona. Donde la cocina, el buen rollo y el mar hacen la receta perfecta. Ofrecemos 2 horas de parking gratuito.","breadcrumb":{"@id":"https:\/\/restaurantxiroi.com\/reserves\/#breadcrumb"},"inLanguage":"es","potentialAction":[{"@type":"ReadAction","target":["https:\/\/restaurantxiroi.com\/reserves\/"]}]},{"@type":"ImageObject","inLanguage":"es","@id":"https:\/\/restaurantxiroi.com\/reserves\/#primaryimage","url":"https:\/\/restaurantxiroi.com\/wp-content\/uploads\/2025\/01\/ilustracio-brindis-ivan-bravo-restaurant-xiroi.png","contentUrl":"https:\/\/restaurantxiroi.com\/wp-content\/uploads\/2025\/01\/ilustracio-brindis-ivan-bravo-restaurant-xiroi.png"},{"@type":"BreadcrumbList","@id":"https:\/\/restaurantxiroi.com\/reserves\/#breadcrumb","itemListElement":[{"@type":"ListItem","position":1,"name":"Home","item":"https:\/\/restaurantxiroi.com\/"},{"@type":"ListItem","position":2,"name":"RESERVA"}]},{"@type":"WebSite","@id":"https:\/\/restaurantxiroi.com\/#website","url":"https:\/\/restaurantxiroi.com\/","name":"Restaurante Xiroi","description":"","publisher":{"@id":"https:\/\/restaurantxiroi.com\/#organization"},"potentialAction":[{"@type":"SearchAction","target":{"@type":"EntryPoint","urlTemplate":"https:\/\/restaurantxiroi.com\/?s={search_term_string}"},"query-input":{"@type":"PropertyValueSpecification","valueRequired":true,"valueName":"search_term_string"}}],"inLanguage":"es"},{"@type":"Organization","@id":"https:\/\/restaurantxiroi.com\/#organization","name":"Restaurante Xiroi","url":"https:\/\/restaurantxiroi.com\/","logo":{"@type":"ImageObject","inLanguage":"es","@id":"https:\/\/restaurantxiroi.com\/#\/schema\/logo\/image\/","url":"https:\/\/restaurantxiroi.com\/wp-content\/uploads\/2024\/05\/LOGO-XIROI.svg","contentUrl":"https:\/\/restaurantxiroi.com\/wp-content\/uploads\/2024\/05\/LOGO-XIROI.svg","caption":"Restaurant Xiroi"},"image":{"@id":"https:\/\/restaurantxiroi.com\/#\/schema\/logo\/image\/"},"sameAs":["https:\/\/www.facebook.com\/xiroibarcelona","https:\/\/www.instagram.com\/xiroibarcelona\/"]}]}},"_links":{"self":[{"href":"https:\/\/restaurantxiroi.com\/es\/wp-json\/wp\/v2\/pages\/490","targetHints":{"allow":["GET"]}}],"collection":[{"href":"https:\/\/restaurantxiroi.com\/es\/wp-json\/wp\/v2\/pages"}],"about":[{"href":"https:\/\/restaurantxiroi.com\/es\/wp-json\/wp\/v2\/types\/page"}],"author":[{"embeddable":true,"href":"https:\/\/restaurantxiroi.com\/es\/wp-json\/wp\/v2\/users\/1"}],"replies":[{"embeddable":true,"href":"https:\/\/restaurantxiroi.com\/es\/wp-json\/wp\/v2\/comments?post=490"}],"version-history":[{"count":184,"href":"https:\/\/restaurantxiroi.com\/es\/wp-json\/wp\/v2\/pages\/490\/revisions"}],"predecessor-version":[{"id":3068,"href":"https:\/\/restaurantxiroi.com\/es\/wp-json\/wp\/v2\/pages\/490\/revisions\/3068"}],"wp:attachment":[{"href":"https:\/\/restaurantxiroi.com\/es\/wp-json\/wp\/v2\/media?parent=490"}],"curies":[{"name":"wp","href":"https:\/\/api.w.org\/{rel}","templated":true}]}}