{"id":1795,"date":"2024-10-03T19:50:13","date_gmt":"2024-10-03T17:50:13","guid":{"rendered":"https:\/\/restaurantxiroi.com\/?page_id=1795"},"modified":"2025-11-18T16:08:37","modified_gmt":"2025-11-18T15:08:37","slug":"aviso-legal","status":"publish","type":"page","link":"https:\/\/restaurantxiroi.com\/es\/aviso-legal\/","title":{"rendered":"AVISO LEGAL"},"content":{"rendered":"<div data-elementor-type=\"wp-page\" data-elementor-id=\"1795\" class=\"elementor elementor-1795\" data-elementor-post-type=\"page\">\n\t\t\t\t<div class=\"elementor-element elementor-element-8c5c817 e-flex e-con-boxed e-con e-parent\" data-id=\"8c5c817\" data-element_type=\"container\" data-settings=\"{&quot;background_background&quot;:&quot;classic&quot;}\">\n\t\t\t\t\t<div class=\"e-con-inner\">\n\t\t\t\t<div class=\"elementor-element elementor-element-7319e56 elementor-widget elementor-widget-heading\" data-id=\"7319e56\" data-element_type=\"widget\" data-widget_type=\"heading.default\">\n\t\t\t\t<div class=\"elementor-widget-container\">\n\t\t\t\t\t<h1 class=\"elementor-heading-title elementor-size-default\">Aviso legal<\/h1>\t\t\t\t<\/div>\n\t\t\t\t<\/div>\n\t\t\t\t<div class=\"elementor-element elementor-element-34551ba elementor-widget elementor-widget-text-editor\" data-id=\"34551ba\" data-element_type=\"widget\" data-widget_type=\"text-editor.default\">\n\t\t\t\t<div class=\"elementor-widget-container\">\n\t\t\t\t\t\t\t\t\t<p>Para dar cumplimiento al art\u00edculo 10 de la Ley 34\/2002 de Servicios de la Sociedad de la Informaci\u00f3n y del Comercio Electr\u00f3nico, informamos a los usuarios de nuestros datos:<\/p><p>ALTID 9296, S.L. con CIF B67311043, direcci\u00f3n C\/ Salvador Espriu 75, local 11B, 08005, Barcelona y datos registrales: empresa inscrita en el Registro Mercantil de Barcelona, en el Tomo 46650, folio 53, Hoja B 526621, Inscripci\u00f3n 1; LAUVID RESTAURACIO S.L. con CIF B66700717, direcci\u00f3n Passeig Mar\u00edtim de la Barceloneta 55 y sus datos registrales: empresa inscrita en el Registro Mercantil de Barcelona en el Tomo 45210, folio 200, Hoja 480482, Inscripci\u00f3n 1;  PROMOTORA DE CROASANTERIES, S.L. con CIF B59370114, direcci\u00f3n Pg. Mar\u00edtim de la Nova Ic\u00e0ria 38 y sus datos registrales: esta sociedad consta inscrita en el Registro Mercantil de Barcelona en el Tomo 11062,  folio 15,  Hoja 128703,  Inscripci\u00f3n 1; y CATNURI 2020, S.L. con CIF B67439109, direcci\u00f3n Av. Ports d\u2019Europa 100 \u2013 ZAL PORT DE BARCELONA y datos registrales: sociedad inscrita en el Registro Mercantil de Barcelona en el Tomo 46933, folio 80,  Hoja 535714,  Inscripci\u00f3n 1. De ahora en adelante todas ellas identificadas como FAMILIA NURI.<\/p><p>E-Mail: lopd@familianuri.com<br \/>Web: www.familianuri.com<\/p><p><b>1.- OBJETO<\/b><br \/>FAMILIA NURI (Desde ahora tambi\u00e9n el prestador) como responsable del sitio web, pone a disposici\u00f3n de los usuarios el presente documento, que regula el uso del sitio web www.familianuri.com y los dominios con el que pretendemos dar cumplimiento a las obligaciones que dispone la Ley 34\/2002, de servicios de la Sociedad de la Informaci\u00f3n y del Comercio Electr\u00f3nico (LSSICE o LSSI), as\u00ed como informar a todos los usuarios del sitio web respecto de cu\u00e1les son las condiciones de uso del sitio web.\n\nA trav\u00e9s de la web, FAMILIA NURI facilita a los usuarios el acceso y utilizaci\u00f3n de diferentes servicios y contenidos puestos a disposici\u00f3n a trav\u00e9s de la web.\n\nToda persona que acceda a esta web asume el papel de usuario (en adelante el usuario), e implica la aceptaci\u00f3n total y sin reservas de todas y cada una de las disposiciones incluidas en este Aviso Legal, as\u00ed como cualesquiera otras disposiciones legales que fueran de aplicaci\u00f3n.\n\nComo usuarios, deben leer atentamente el presente Aviso Legal en cualquiera de las ocasiones que entren en la web, ya que \u00e9sta puede sufrir modificaciones ya que el prestador se reserva el derecho a modificar cualquier tipo de informaci\u00f3n que pudiera aparecer en la web, sin que haya la obligaci\u00f3n de preavisar o poner en conocimiento de los usuarios dichas obligaciones, siendo suficientes la publicaci\u00f3n en el sitio web del prestador.<br \/>A trav\u00e9s del web, FAMILIA NURI facilita als usuaris l&#8217;acc\u00e9s i utilitzaci\u00f3 de diferents serveis i continguts posats a disposici\u00f3 a trav\u00e9s del web.<br \/>Tota persona que accedeixi a aquest web assumeix el paper d&#8217;usuari (en endavant l&#8217;usuari), i implica l&#8217;acceptaci\u00f3 total i sense reserves de totes i cadascuna de les disposicions incloses en aquest av\u00eds legal, aix\u00ed com qualssevol altres disposicions legals que fossin d&#8217;aplicaci\u00f3.<br \/>Com a usuaris, han de llegir atentament aquest Av\u00eds Legal en qualsevol de les ocasions que entrin al web perqu\u00e8 aquesta pot patir modificacions ja que el prestador es reserva el dret a modificar qualsevol tipus d&#8217;informaci\u00f3 que pogu\u00e9s apar\u00e8ixer a la web, sense que hi hagi l&#8217;obligaci\u00f3 de pre-avisar o posar en coneixement dels usuaris aquestes obligacions, essent suficients la publicaci\u00f3 al lloc web del prestador.<\/p><p><b>2.- CONDICIONES DE ACCESO Y USO DEL WEB.<\/b><\/p><p>2.1. Car\u00e1cter gratuito del acceso y uso de la web.<br \/>La prestaci\u00f3n de los servicios por parte de FAMILIA NURI tiene car\u00e1cter gratuito para todos los usuarios.<\/p><p>2.2. Registro de Usuario.<br \/>Con car\u00e1cter general la prestaci\u00f3n de los Servicios no exige la previa suscripci\u00f3n o registro de los Usuarios.<\/p><p>2.3. Veracidad de la informaci\u00f3n.<br \/>Toda la informaci\u00f3n que facilita el Usuario debe ser veraz. En estos efectos, el Usuario garantiza la autenticidad de los datos comunicados a trav\u00e9s de los formularios para la suscripci\u00f3n de los Servicios. Ser\u00e1 responsabilidad del Usuario mantener toda la informaci\u00f3n facilitada a FAMILIA NURI permanentemente actualizada de forma que responda, en cada momento, a su situaci\u00f3n real. En todo caso, el Usuario ser\u00e1 el \u00fanico responsable de las manifestaciones falsas o inexactas que realice y de los perjuicios que cause al prestador o a terceros.<\/p><p>2.4. Menores de edad.<br \/>Para el uso de los servicios, los menores de edad deben obtener siempre previamente el consentimiento de los padres, tutores o representantes legales, responsables \u00faltimos de todos los actos realizados por los menores a su cargo. La responsabilidad en la determinaci\u00f3n de contenidos concretos a los que acceden los menores corresponde a aquellos, es por eso que si acceden a contenidos no apropiados para Internet, se deber\u00e1n establecer en sus ordenadores mecanismos, en particular programas inform\u00e1ticos, filtros y bloqueos, que permitan limitar los contenidos disponibles y, aunque no sean infalibles, son de especial utilidad para controlar y restringir los materiales a los que pueden acceder los menores.<\/p><p>2.5. Obligaci\u00f3n de hacer uso correcto de la web.<br \/>El Usuario se compromete a utilizar la web de conformidad a la Ley y al presente Aviso Legal, as\u00ed como la moral y las buenas costumbres. En efecto, el Usuario se abstendr\u00e1 de utilizar la p\u00e1gina con fines il\u00edcitos o prohibidas, lesivos de derechos e intereses de terceros, o que de cualquier forma puedan da\u00f1ar, inutilizar, sobrecargar, deteriorar o impedir la normal utilizaci\u00f3n de equipos inform\u00e1ticos o documentos, archivos y toda clase de contenidos almacenados en cualquier equipo inform\u00e1tico del prestador.<\/p><p>En particular, y a t\u00edtulo indicativo, pero no exhaustivo, el Usuario se compromete a no transmitir, difundir o poner a disposici\u00f3n de terceros informaciones, datos, contenidos, mensajes, gr\u00e1ficos, dibujos, archivos de sonido o imagen, fotograf\u00edas, grabaciones, software y, en general, cualquier clase de material que:<br \/>(a) sea contraria, menosprecie o atente contra los derechos fundamentales y las libertades p\u00fablicas reconocidas constitucionalmente, en tratados internacionales y otras normas vigentes;<br \/>(b) induzca, incite o promueva actuaciones delictivas, denigratorias, difamatorias, violentas o, en general, contrarias a la ley, a la moral y el orden p\u00fablico;<br \/>(c) induzca, incite o promueva actuaciones, actitudes o pensamientos discriminatorios  por raz\u00f3n de sexo, raza, religi\u00f3n, creencias, edad o condici\u00f3n;<br \/>(d) sea contrario al derecho al honor, a la intimidad personal o familiar o la propia imagen de las personas;<br \/>(E) de cualquier manera perjudique la credibilidad del prestador o de terceros; y <br \/>(f) constitueixi publicitat il\u00b7l\u00edcita, enganyosa o deslleial.<\/p><p><b>3. EXCLUSI\u00d3N DE GARANT\u00cdAS Y RESPONSABILIDAD <\/b><br \/>El prestador se exime de cualquier tipo de responsabilidad derivada de la informaci\u00f3n publicada en nuestro sitio web, siempre que esta informaci\u00f3n haya sido manipulada o introducida por un tercero ajeno.<br \/>Esta web ha sido revisada y probada para que funcione correctamente. En principio, se puede garantizar el correcto funcionamiento los 365 d\u00edas del a\u00f1o, 24 horas al d\u00eda. Sin embargo, el prestador no descarta la posibilidad de que existan determinados errores de programaci\u00f3n, o que sucedan causas de fuerza mayor, cat\u00e1strofes naturales, huelgas, o circunstancias semejantes que hagan imposible el acceso a la p\u00e1gina web.<br \/>FAMILIA NURI no otorga ninguna garant\u00eda ni se hace responsable, en ning\u00fan caso, de los da\u00f1os y perjuicios de cualquier naturaleza que puedan salir a colaci\u00f3n de la falta de disponibilidad, mantenimiento y efectivo funcionamiento de la web o de sus servicios y contenidos; de la existencia de virus, programas maliciosos o lesivos en los contenidos; del uso il\u00edcito, negligente, fraudulento o contrario a este Aviso legal y condiciones de uso; o de la falta de licitud, calidad, fiabilidad, utilidad y disponibilidad de los servicios prestados por terceros y puestos a disposici\u00f3n de los usuarios en el sitio web.<br \/>El prestador no se hace responsable bajo ning\u00fan concepto de los da\u00f1os que puedan dimanar del uso ilegal o indebido de la presente p\u00e1gina web.<\/p><p><b>4.- COOKIES <\/b><br \/>El sitio web del prestador puede utilizar cookies (peque\u00f1os archivos de informaci\u00f3n que el servidor env\u00eda al ordenador de quien accede a la p\u00e1gina) para llevar a cabo determinadas funciones que son consideradas imprescindibles para el correcto funcionamiento y visualizaci\u00f3n del sitio. Las cookies utilizadas tienen, en todo caso, car\u00e1cter temporal, con la \u00fanica finalidad de hacer m\u00e1s eficaz la navegaci\u00f3n, y desaparecen al terminar la sesi\u00f3n del usuario. En ning\u00fan caso se utilizar\u00e1n las cookies para recoger informaci\u00f3n de car\u00e1cter personal. para m\u00e1s informaci\u00f3n, ver nuestra Pol\u00edtica de Cookies .<\/p><p><b>5. ENLACES (LINKS)<\/b><br \/>Desde el sitio web es posible que se redirija a contenidos patrocinados, anuncios y \/ o enlaces de afiliados y \/ o de terceras webs.<br \/>Entre los enlaces facilitados, existe la posibilidad de informar o hacer referencia a productos y \/ o servicios de terceros. Dado que desde la web no podemos controlar los contenidos introducidos por los terceros, FAMILIA NURI no asume ning\u00fan tipo de responsabilidad respecto a dichos contenidos, ni garantiza la experiencia, integridad o calidad de sus productos. En todo caso, el prestador manifiesta que proceder\u00e1 a la retirada inmediata de cualquier contenido que pudiera contravenir la legislaci\u00f3n nacional o internacional, la moral o el orden p\u00fablico, procediendo a la retirada inmediata de la redirecci\u00f3n a estas webs, poniendo en conocimiento de las autoridades competentes el contenido en cuesti\u00f3n<br \/>FAMILIA NURI tendr\u00e1 publicados estos enlaces hasta que sean eliminados o suspendidos por el prestador o por el anunciante, y no ser\u00e1 responsable aunque estos anuncios puedan ser indexados por otros buscadores ajenos a esta web.<br \/>El prestador no se responsabiliza de la informaci\u00f3n y contenidos almacenados, a t\u00edtulo enunciativo pero no limitativo, en foros, chats, generadores de blogs, comentarios, redes sociales o cualquier otro medio que permita a terceros publicar contenidos de forma independiente en la p\u00e1gina web del prestador. No obstante y en cumplimiento de lo dispuesto en el art. 11 y 16 de la LSSICE, el prestador se pone a disposici\u00f3n de todos los usuarios, autoridades y fuerzas de seguridad, y colaborando de forma activa en la retirada o, cuando sea necesario, el bloqueo de todos aquellos contenidos que puedan afectar o contravenir la legislaci\u00f3n nacional, o internacional, derechos de terceros o la moral y el orden p\u00fablico. En caso de que el usuario considere que puede existir alg\u00fan contenido que pudiera ser susceptible de esta clasificaci\u00f3n, se ruega lo notifique de forma inmediata al administrador del sitio web.<br \/>Sin embargo, FAMILIA NURI le informa que cualquier relaci\u00f3n contractual o extracontractual que el usuario formalice con estos terceros, afiliados o anunciantes mediante el link proporcionado por esta web, ser\u00e1 v\u00e1lido \u00fanicamente y exclusivamente entre el usuario y el anunciante y \/ o tercera persona y FAMILIA NURI no tendr\u00e1 ning\u00fan tipo de responsabilidad sobre los da\u00f1os o perjuicios que pudieran ser ocasionados por la prestaci\u00f3n de servicios y \/ o relaciones contractuales o extracontractuales realizadas entre el usuario y los anunciantes o terceros contactadas a trav\u00e9s de este portal ya que el prestador s\u00f3lo act\u00faa como intermediario o medio publicitario.<\/p><p><b>6. PROTECCI\u00d3N DE DATOS PERSONALES<\/b><br \/>El prestador est\u00e1 profundamente comprometido con el cumplimiento de la normativa de protecci\u00f3n de datos personales y garantiza el cumplimiento \u00edntegro de las obligaciones dispuestas, as\u00ed como la implementaci\u00f3n de las medidas de seguridad dispuestas en el Reglamento Europeo de Protecci\u00f3n de datos y la normativa espa\u00f1ola de protecci\u00f3n de datos. Para m\u00e1s informaci\u00f3n, ver nuestra Pol\u00edtica de Privacidad .<\/p><p><b>7. PROPIEDAD INTELECTUAL E INDUSTRIAL <\/b><br \/>El sitio web, incluyendo a t\u00edtulo enunciativo, pero no limitativo: la programaci\u00f3n, edici\u00f3n, compilaci\u00f3n y dem\u00e1s elementos necesarios para su funcionamiento, los dise\u00f1os, logotipos, textos, fotograf\u00edas y \/ o gr\u00e1ficos son propiedad del prestador o, en caso de que fuera necesario, dispone de la licencia o autorizaci\u00f3n expresa por parte de los autores. Todos los contenidos del sitio web se encuentran debidamente protegidos por la normativa de propiedad intelectual e industrial.<br \/>Independientemente de la finalidad para la que fueran destinados, la reproducci\u00f3n total o parcial, uso, distribuci\u00f3n y comunicaci\u00f3n p\u00fablica requieren de la autorizaci\u00f3n escrita previa por parte del prestador. Cualquier uso no autorizado previamente por parte del prestador ser\u00e1 considerado un incumplimiento grave de los derechos de propiedad intelectual o industrial del autor.<br \/>Los dise\u00f1os, logotipos, texto y \/ o gr\u00e1ficos ajenos al prestador y que puedan aparecer en el sitio web, pertenecen a sus respectivos propietarios, siendo ellos mismos responsables de cualquier posible controversia que pudiera devenir respecto a los mismos. En todo caso, el prestador cuenta con la autorizaci\u00f3n expresa y previa por parte de los mismos.<br \/>El prestador reconoce a favor de sus titulares los correspondientes derechos de propiedad industrial e intelectual, no implicando la menci\u00f3n o aparici\u00f3n en el sitio web, de la existencia de derechos o responsabilidad del prestador sobre los mismos, como tampoco respaldo, patrocinio o recomendaci\u00f3n por parte del mismo.<br \/>Para realizar cualquier tipo de observaci\u00f3n respecto a posibles incumplimientos de los derechos de propiedad intelectual o industrial, as\u00ed como sobre cualquiera de los contenidos del sitio web, puede hacerlo a trav\u00e9s del correo electr\u00f3nico arriba rese\u00f1ado.<\/p><p><b>8. LEY APLICABLE Y JURISDICCI\u00d3N<\/b><br \/>Para la resoluci\u00f3n de las controversias o cuestiones relacionadas con la presente p\u00e1gina web o de las actividades en esta desarrolladas, ser\u00e1 de aplicaci\u00f3n la legislaci\u00f3n espa\u00f1ola, a la que se someten expresamente las partes, siendo competentes para la resoluci\u00f3n de todos los conflictos derivados o relacionados con su uso los Juzgados y Tribunales de Barcelona.<\/p>\t\t\t\t\t\t\t\t<\/div>\n\t\t\t\t<\/div>\n\t\t\t\t<div class=\"elementor-element elementor-element-39f68d3 elementor-widget elementor-widget-spacer\" data-id=\"39f68d3\" data-element_type=\"widget\" data-widget_type=\"spacer.default\">\n\t\t\t\t<div class=\"elementor-widget-container\">\n\t\t\t\t\t\t\t<div class=\"elementor-spacer\">\n\t\t\t<div class=\"elementor-spacer-inner\"><\/div>\n\t\t<\/div>\n\t\t\t\t\t\t<\/div>\n\t\t\t\t<\/div>\n\t\t\t\t\t<\/div>\n\t\t\t\t<\/div>\n\t\t\t\t<\/div>","protected":false},"excerpt":{"rendered":"<p>Av\u00eds legal Per tal de donar compliment a l&#8217;article 10 de la Llei 34\/2002 de Serveis de la Societat de la Informaci\u00f3 i del Comer\u00e7 Electr\u00f2nic, informem als usuaris de les nostres dades: ALTID 9296, S.L. amb CIF B67311043, direcci\u00f3 C\/ Salvador Espriu 75, local 11B, 08005, Barcelona i dades registrals: empresa inscrita en el [&hellip;]<\/p>","protected":false},"author":1,"featured_media":0,"parent":0,"menu_order":0,"comment_status":"closed","ping_status":"closed","template":"elementor_header_footer","meta":{"footnotes":""},"class_list":["post-1795","page","type-page","status-publish","hentry"],"yoast_head":"<!-- This site is optimized with the Yoast SEO plugin v25.9 - https:\/\/yoast.com\/wordpress\/plugins\/seo\/ -->\n<title>Av\u00eds Legal de la P\u00e0gina Web de Restaurant Xiroi<\/title>\n<meta name=\"description\" content=\"A trav\u00e9s de restaurant Xiroi facilitem als usuaris l&#039;acc\u00e9s i utilitzaci\u00f3 de diferents serveis i continguts posats a disposici\u00f3 a trav\u00e9s del web.\" \/>\n<meta name=\"robots\" content=\"noindex, nofollow\" \/>\n<meta property=\"og:locale\" content=\"es_ES\" \/>\n<meta property=\"og:type\" content=\"article\" \/>\n<meta property=\"og:title\" content=\"Av\u00eds Legal de la P\u00e0gina Web de Restaurant Xiroi\" \/>\n<meta property=\"og:description\" content=\"A trav\u00e9s de restaurant Xiroi facilitem als usuaris l&#039;acc\u00e9s i utilitzaci\u00f3 de diferents serveis i continguts posats a disposici\u00f3 a trav\u00e9s del web.\" \/>\n<meta property=\"og:url\" content=\"https:\/\/restaurantxiroi.com\/es\/aviso-legal\/\" \/>\n<meta property=\"og:site_name\" content=\"Restaurant Xiroi\" \/>\n<meta property=\"article:publisher\" content=\"https:\/\/www.facebook.com\/xiroibarcelona\" \/>\n<meta property=\"article:modified_time\" content=\"2025-11-18T15:08:37+00:00\" \/>\n<meta name=\"twitter:card\" content=\"summary_large_image\" \/>\n<meta name=\"twitter:label1\" content=\"Tiempo de lectura\" \/>\n\t<meta name=\"twitter:data1\" content=\"9 minutos\" \/>\n<script type=\"application\/ld+json\" class=\"yoast-schema-graph\">{\"@context\":\"https:\/\/schema.org\",\"@graph\":[{\"@type\":\"WebPage\",\"@id\":\"https:\/\/restaurantxiroi.com\/avis-legal\/\",\"url\":\"https:\/\/restaurantxiroi.com\/avis-legal\/\",\"name\":\"Av\u00eds Legal de la P\u00e0gina Web de Restaurant Xiroi\",\"isPartOf\":{\"@id\":\"https:\/\/restaurantxiroi.com\/#website\"},\"datePublished\":\"2024-10-03T17:50:13+00:00\",\"dateModified\":\"2025-11-18T15:08:37+00:00\",\"description\":\"A trav\u00e9s de restaurant Xiroi facilitem als usuaris l'acc\u00e9s i utilitzaci\u00f3 de diferents serveis i continguts posats a disposici\u00f3 a trav\u00e9s del web.\",\"breadcrumb\":{\"@id\":\"https:\/\/restaurantxiroi.com\/avis-legal\/#breadcrumb\"},\"inLanguage\":\"es\",\"potentialAction\":[{\"@type\":\"ReadAction\",\"target\":[\"https:\/\/restaurantxiroi.com\/avis-legal\/\"]}]},{\"@type\":\"BreadcrumbList\",\"@id\":\"https:\/\/restaurantxiroi.com\/avis-legal\/#breadcrumb\",\"itemListElement\":[{\"@type\":\"ListItem\",\"position\":1,\"name\":\"Home\",\"item\":\"https:\/\/restaurantxiroi.com\/\"},{\"@type\":\"ListItem\",\"position\":2,\"name\":\"AV\u00cdS LEGAL\"}]},{\"@type\":\"WebSite\",\"@id\":\"https:\/\/restaurantxiroi.com\/#website\",\"url\":\"https:\/\/restaurantxiroi.com\/\",\"name\":\"Restaurant Xiroi\",\"description\":\"\",\"publisher\":{\"@id\":\"https:\/\/restaurantxiroi.com\/#organization\"},\"potentialAction\":[{\"@type\":\"SearchAction\",\"target\":{\"@type\":\"EntryPoint\",\"urlTemplate\":\"https:\/\/restaurantxiroi.com\/?s={search_term_string}\"},\"query-input\":{\"@type\":\"PropertyValueSpecification\",\"valueRequired\":true,\"valueName\":\"search_term_string\"}}],\"inLanguage\":\"es\"},{\"@type\":\"Organization\",\"@id\":\"https:\/\/restaurantxiroi.com\/#organization\",\"name\":\"Restaurant Xiroi\",\"url\":\"https:\/\/restaurantxiroi.com\/\",\"logo\":{\"@type\":\"ImageObject\",\"inLanguage\":\"es\",\"@id\":\"https:\/\/restaurantxiroi.com\/#\/schema\/logo\/image\/\",\"url\":\"https:\/\/restaurantxiroi.com\/wp-content\/uploads\/2024\/05\/LOGO-XIROI.svg\",\"contentUrl\":\"https:\/\/restaurantxiroi.com\/wp-content\/uploads\/2024\/05\/LOGO-XIROI.svg\",\"caption\":\"Restaurant Xiroi\"},\"image\":{\"@id\":\"https:\/\/restaurantxiroi.com\/#\/schema\/logo\/image\/\"},\"sameAs\":[\"https:\/\/www.facebook.com\/xiroibarcelona\",\"https:\/\/www.instagram.com\/xiroibarcelona\/\"]}]}<\/script>\n<!-- \/ Yoast SEO plugin. -->","yoast_head_json":{"title":"Aviso Legal de la P\u00e1gina Web de Restaurante Xiroi","description":"A trav\u00e9s de restaurante Xiroi facilitamos a los usuarios el acceso y utilizaci\u00f3n de distintos servicios y contenidos puestos a disposici\u00f3n a trav\u00e9s de la web.","robots":{"index":"noindex","follow":"nofollow"},"og_locale":"es_ES","og_type":"article","og_title":"Av\u00eds Legal de la P\u00e0gina Web de Restaurant Xiroi","og_description":"A trav\u00e9s de restaurant Xiroi facilitem als usuaris l'acc\u00e9s i utilitzaci\u00f3 de diferents serveis i continguts posats a disposici\u00f3 a trav\u00e9s del web.","og_url":"https:\/\/restaurantxiroi.com\/es\/aviso-legal\/","og_site_name":"Restaurant Xiroi","article_publisher":"https:\/\/www.facebook.com\/xiroibarcelona","article_modified_time":"2025-11-18T15:08:37+00:00","twitter_card":"summary_large_image","twitter_misc":{"Tiempo de lectura":"9 minutos"},"schema":{"@context":"https:\/\/schema.org","@graph":[{"@type":"WebPage","@id":"https:\/\/restaurantxiroi.com\/avis-legal\/","url":"https:\/\/restaurantxiroi.com\/avis-legal\/","name":"Aviso Legal de la P\u00e1gina Web de Restaurante Xiroi","isPartOf":{"@id":"https:\/\/restaurantxiroi.com\/#website"},"datePublished":"2024-10-03T17:50:13+00:00","dateModified":"2025-11-18T15:08:37+00:00","description":"A trav\u00e9s de restaurante Xiroi facilitamos a los usuarios el acceso y utilizaci\u00f3n de distintos servicios y contenidos puestos a disposici\u00f3n a trav\u00e9s de la web.","breadcrumb":{"@id":"https:\/\/restaurantxiroi.com\/avis-legal\/#breadcrumb"},"inLanguage":"es","potentialAction":[{"@type":"ReadAction","target":["https:\/\/restaurantxiroi.com\/avis-legal\/"]}]},{"@type":"BreadcrumbList","@id":"https:\/\/restaurantxiroi.com\/avis-legal\/#breadcrumb","itemListElement":[{"@type":"ListItem","position":1,"name":"Home","item":"https:\/\/restaurantxiroi.com\/"},{"@type":"ListItem","position":2,"name":"AV\u00cdS LEGAL"}]},{"@type":"WebSite","@id":"https:\/\/restaurantxiroi.com\/#website","url":"https:\/\/restaurantxiroi.com\/","name":"Restaurante Xiroi","description":"","publisher":{"@id":"https:\/\/restaurantxiroi.com\/#organization"},"potentialAction":[{"@type":"SearchAction","target":{"@type":"EntryPoint","urlTemplate":"https:\/\/restaurantxiroi.com\/?s={search_term_string}"},"query-input":{"@type":"PropertyValueSpecification","valueRequired":true,"valueName":"search_term_string"}}],"inLanguage":"es"},{"@type":"Organization","@id":"https:\/\/restaurantxiroi.com\/#organization","name":"Restaurante Xiroi","url":"https:\/\/restaurantxiroi.com\/","logo":{"@type":"ImageObject","inLanguage":"es","@id":"https:\/\/restaurantxiroi.com\/#\/schema\/logo\/image\/","url":"https:\/\/restaurantxiroi.com\/wp-content\/uploads\/2024\/05\/LOGO-XIROI.svg","contentUrl":"https:\/\/restaurantxiroi.com\/wp-content\/uploads\/2024\/05\/LOGO-XIROI.svg","caption":"Restaurant Xiroi"},"image":{"@id":"https:\/\/restaurantxiroi.com\/#\/schema\/logo\/image\/"},"sameAs":["https:\/\/www.facebook.com\/xiroibarcelona","https:\/\/www.instagram.com\/xiroibarcelona\/"]}]}},"_links":{"self":[{"href":"https:\/\/restaurantxiroi.com\/es\/wp-json\/wp\/v2\/pages\/1795","targetHints":{"allow":["GET"]}}],"collection":[{"href":"https:\/\/restaurantxiroi.com\/es\/wp-json\/wp\/v2\/pages"}],"about":[{"href":"https:\/\/restaurantxiroi.com\/es\/wp-json\/wp\/v2\/types\/page"}],"author":[{"embeddable":true,"href":"https:\/\/restaurantxiroi.com\/es\/wp-json\/wp\/v2\/users\/1"}],"replies":[{"embeddable":true,"href":"https:\/\/restaurantxiroi.com\/es\/wp-json\/wp\/v2\/comments?post=1795"}],"version-history":[{"count":10,"href":"https:\/\/restaurantxiroi.com\/es\/wp-json\/wp\/v2\/pages\/1795\/revisions"}],"predecessor-version":[{"id":2904,"href":"https:\/\/restaurantxiroi.com\/es\/wp-json\/wp\/v2\/pages\/1795\/revisions\/2904"}],"wp:attachment":[{"href":"https:\/\/restaurantxiroi.com\/es\/wp-json\/wp\/v2\/media?parent=1795"}],"curies":[{"name":"wp","href":"https:\/\/api.w.org\/{rel}","templated":true}]}}