{"id":316,"date":"2024-05-05T08:05:49","date_gmt":"2024-05-05T06:05:49","guid":{"rendered":"https:\/\/restaurantxiroi.com\/?page_id=316"},"modified":"2025-11-18T16:08:53","modified_gmt":"2025-11-18T15:08:53","slug":"familia-nuri","status":"publish","type":"page","link":"https:\/\/restaurantxiroi.com\/en\/familia-nuri\/","title":{"rendered":"FAMILIA NURI"},"content":{"rendered":"<div data-elementor-type=\"wp-page\" data-elementor-id=\"316\" class=\"elementor elementor-316\" data-elementor-post-type=\"page\">\n\t\t\t\t<div class=\"elementor-element elementor-element-a775b50 animated-slow e-flex e-con-boxed elementor-invisible e-con e-parent\" data-id=\"a775b50\" data-element_type=\"container\" data-settings=\"{&quot;animation&quot;:&quot;fadeInUp&quot;}\">\n\t\t\t\t\t<div class=\"e-con-inner\">\n\t\t\t\t<div class=\"elementor-element elementor-element-33c0988 elementor-widget elementor-widget-heading\" data-id=\"33c0988\" data-element_type=\"widget\" data-widget_type=\"heading.default\">\n\t\t\t\t<div class=\"elementor-widget-container\">\n\t\t\t\t\t<h1 class=\"elementor-heading-title elementor-size-default\">Familia Nuri\n<\/h1>\t\t\t\t<\/div>\n\t\t\t\t<\/div>\n\t\t\t\t<div class=\"elementor-element elementor-element-71ba3d2 elementor-widget elementor-widget-heading\" data-id=\"71ba3d2\" data-element_type=\"widget\" data-widget_type=\"heading.default\">\n\t\t\t\t<div class=\"elementor-widget-container\">\n\t\t\t\t\t<p class=\"elementor-heading-title elementor-size-default\">At Familia Nuri, we have spent a lifetime immersed in paella dishes and tapas, celebrating our culinary roots with passion and devotion. Since 1962, when Nuri and Jordi opened their first restaurant in Poblenou, Bar N\u00faria, exquisite and quality cuisine, along with a close and family-oriented service, have been our way of doing things.<br><br>\nThree generations later, with five restaurants in operation, we continue to work as a true family, keeping alive the love for cooking and the commitment to excellence that our parents and grandparents instilled in us from day one.<\/p>\t\t\t\t<\/div>\n\t\t\t\t<\/div>\n\t\t\t\t<div class=\"elementor-element elementor-element-0438ca8 elementor-widget elementor-widget-image\" data-id=\"0438ca8\" data-element_type=\"widget\" data-widget_type=\"image.default\">\n\t\t\t\t<div class=\"elementor-widget-container\">\n\t\t\t\t\t\t\t\t\t\t\t\t\t\t\t<img fetchpriority=\"high\" decoding=\"async\" width=\"364\" height=\"400\" src=\"https:\/\/restaurantxiroi.com\/wp-content\/uploads\/2025\/01\/illustration-nuri-ivan-bravo-xiroi-restaurant.png\" class=\"attachment-full size-full wp-image-2652\" alt=\"Nuri Illustration Ivan Bravo | Xiroi Restaurant\" srcset=\"https:\/\/restaurantxiroi.com\/wp-content\/uploads\/2025\/01\/illustration-nuri-ivan-bravo-xiroi-restaurant.png 364w, https:\/\/restaurantxiroi.com\/wp-content\/uploads\/2025\/01\/illustration-nuri-ivan-bravo-xiroi-restaurant-273x300.png 273w, https:\/\/restaurantxiroi.com\/wp-content\/uploads\/2025\/01\/illustration-nuri-ivan-bravo-xiroi-restaurant-11x12.png 11w\" sizes=\"(max-width: 364px) 100vw, 364px\" \/>\t\t\t\t\t\t\t\t\t\t\t\t\t\t\t<\/div>\n\t\t\t\t<\/div>\n\t\t<div class=\"elementor-element elementor-element-74bc29e e-flex e-con-boxed e-con e-child\" data-id=\"74bc29e\" data-element_type=\"container\">\n\t\t\t\t\t<div class=\"e-con-inner\">\n\t\t\t\t<div class=\"elementor-element elementor-element-7ac1eaf elementor-widget__width-initial elementor-widget elementor-widget-heading\" data-id=\"7ac1eaf\" data-element_type=\"widget\" data-widget_type=\"heading.default\">\n\t\t\t\t<div class=\"elementor-widget-container\">\n\t\t\t\t\t<h3 class=\"elementor-heading-title elementor-size-default\">Discover where you can find the Mediterranean cuisine restaurants of Fam\u00edlia Nuri.<\/h3>\t\t\t\t<\/div>\n\t\t\t\t<\/div>\n\t\t\t\t\t<\/div>\n\t\t\t\t<\/div>\n\t\t\t\t<div class=\"elementor-element elementor-element-f267a05 elementor-mobile-align-center elementor-align-center elementor-widget elementor-widget-button\" data-id=\"f267a05\" data-element_type=\"widget\" data-widget_type=\"button.default\">\n\t\t\t\t<div class=\"elementor-widget-container\">\n\t\t\t\t\t\t\t\t\t<div class=\"elementor-button-wrapper\">\n\t\t\t\t\t<a class=\"elementor-button elementor-button-link elementor-size-sm\" href=\"https:\/\/familianuri.com\/en\/\" target=\"_blank\">\n\t\t\t\t\t\t<span class=\"elementor-button-content-wrapper\">\n\t\t\t\t\t\t\t\t\t<span class=\"elementor-button-text\">VISIT OUR WEBSITE<\/span>\n\t\t\t\t\t<\/span>\n\t\t\t\t\t<\/a>\n\t\t\t\t<\/div>\n\t\t\t\t\t\t\t\t<\/div>\n\t\t\t\t<\/div>\n\t\t\t\t\t<\/div>\n\t\t\t\t<\/div>\n\t\t<div class=\"elementor-element elementor-element-8b7a0c1 animated-slow e-flex e-con-boxed elementor-invisible e-con e-parent\" data-id=\"8b7a0c1\" data-element_type=\"container\" data-settings=\"{&quot;animation&quot;:&quot;fadeInUp&quot;}\">\n\t\t\t\t\t<div class=\"e-con-inner\">\n\t\t<div class=\"elementor-element elementor-element-c705a4f e-con-full e-flex e-con e-child\" data-id=\"c705a4f\" data-element_type=\"container\">\n\t\t\t\t<div class=\"elementor-element elementor-element-99b4fda elementor-widget elementor-widget-heading\" data-id=\"99b4fda\" data-element_type=\"widget\" data-widget_type=\"heading.default\">\n\t\t\t\t<div class=\"elementor-widget-container\">\n\t\t\t\t\t<p class=\"elementor-heading-title elementor-size-default\">Ca la Nuri<\/p>\t\t\t\t<\/div>\n\t\t\t\t<\/div>\n\t\t\t\t<div class=\"elementor-element elementor-element-123f589 elementor-widget elementor-widget-heading\" data-id=\"123f589\" data-element_type=\"widget\" data-widget_type=\"heading.default\">\n\t\t\t\t<div class=\"elementor-widget-container\">\n\t\t\t\t\t<p class=\"elementor-heading-title elementor-size-default\"><b><a href=\"tel:+34932213775\" style=\"color: black\">+34 932 213 775<\/a><\/b><br>\nPg. Maritim de la <br>Barceloneta  \n<br>08003 Barcelona<\/p>\t\t\t\t<\/div>\n\t\t\t\t<\/div>\n\t\t\t\t<\/div>\n\t\t<div class=\"elementor-element elementor-element-cee9c04 e-con-full e-flex e-con e-child\" data-id=\"cee9c04\" data-element_type=\"container\">\n\t\t\t\t<div class=\"elementor-element elementor-element-c8cbaff elementor-widget elementor-widget-heading\" data-id=\"c8cbaff\" data-element_type=\"widget\" data-widget_type=\"heading.default\">\n\t\t\t\t<div class=\"elementor-widget-container\">\n\t\t\t\t\t<p class=\"elementor-heading-title elementor-size-default\">Arrozal<\/p>\t\t\t\t<\/div>\n\t\t\t\t<\/div>\n\t\t\t\t<div class=\"elementor-element elementor-element-c6ba75d elementor-widget elementor-widget-heading\" data-id=\"c6ba75d\" data-element_type=\"widget\" data-widget_type=\"heading.default\">\n\t\t\t\t<div class=\"elementor-widget-container\">\n\t\t\t\t\t<p class=\"elementor-heading-title elementor-size-default\"><b><a href=\"tel:+34932211342\" style=\"color: black\">+34 932 211 342<\/a><\/b><br>\nEdifici service center zal port<br>\nAv. Ports d\u2019europa, 100<br>\n08040 Barcelona<\/p>\t\t\t\t<\/div>\n\t\t\t\t<\/div>\n\t\t\t\t<\/div>\n\t\t<div class=\"elementor-element elementor-element-438c72c e-con-full e-flex e-con e-child\" data-id=\"438c72c\" data-element_type=\"container\">\n\t\t\t\t<div class=\"elementor-element elementor-element-cfaa92c elementor-widget elementor-widget-heading\" data-id=\"cfaa92c\" data-element_type=\"widget\" data-widget_type=\"heading.default\">\n\t\t\t\t<div class=\"elementor-widget-container\">\n\t\t\t\t\t<p class=\"elementor-heading-title elementor-size-default\">Bar Nuri<\/p>\t\t\t\t<\/div>\n\t\t\t\t<\/div>\n\t\t\t\t<div class=\"elementor-element elementor-element-208a875 elementor-widget elementor-widget-heading\" data-id=\"208a875\" data-element_type=\"widget\" data-widget_type=\"heading.default\">\n\t\t\t\t<div class=\"elementor-widget-container\">\n\t\t\t\t\t<p class=\"elementor-heading-title elementor-size-default\"><b><a href=\"tel:+34932252098\" style=\"color: black\">+34 932 252 098<\/a><\/b><br> \nRambla del Poblenou, 34 <br>08005 Barcelona<\/p>\t\t\t\t<\/div>\n\t\t\t\t<\/div>\n\t\t\t\t<\/div>\n\t\t<div class=\"elementor-element elementor-element-6a5116e e-con-full e-flex e-con e-child\" data-id=\"6a5116e\" data-element_type=\"container\">\n\t\t\t\t<div class=\"elementor-element elementor-element-45f2fe2 elementor-widget elementor-widget-heading\" data-id=\"45f2fe2\" data-element_type=\"widget\" data-widget_type=\"heading.default\">\n\t\t\t\t<div class=\"elementor-widget-container\">\n\t\t\t\t\t<p class=\"elementor-heading-title elementor-size-default\">Nuara <\/p>\t\t\t\t<\/div>\n\t\t\t\t<\/div>\n\t\t\t\t<div class=\"elementor-element elementor-element-d5a92bf elementor-widget elementor-widget-heading\" data-id=\"d5a92bf\" data-element_type=\"widget\" data-widget_type=\"heading.default\">\n\t\t\t\t<div class=\"elementor-widget-container\">\n\t\t\t\t\t<p class=\"elementor-heading-title elementor-size-default\"><b><a href=\"tel:'+34 932 216 704\" style=\"color: black\">+34 932 216 704<\/a><\/b><br> \nMoll de Gregal, Local 11 <br>08005 Barcelona <\/p>\t\t\t\t<\/div>\n\t\t\t\t<\/div>\n\t\t\t\t<\/div>\n\t\t\t\t\t<\/div>\n\t\t\t\t<\/div>\n\t\t\t\t<\/div>","protected":false},"excerpt":{"rendered":"<p>Fam\u00edlia Nuri A la Fam\u00edlia Nuri, portem tota una vida entre arrossos i tapes, celebrant les nostres arrels culin\u00e0ries amb passi\u00f3 i devoci\u00f3. Des del 1962, quan la Nuri i el Jordi van inaugurar el seu primer restaurant al Poblenou, el Bar N\u00faria, la cuina exquisida i de qualitat, i el servei proper i familiar, [&hellip;]<\/p>","protected":false},"author":1,"featured_media":0,"parent":0,"menu_order":0,"comment_status":"closed","ping_status":"closed","template":"elementor_header_footer","meta":{"footnotes":""},"class_list":["post-316","page","type-page","status-publish","hentry"],"yoast_head":"<!-- This site is optimized with the Yoast SEO plugin v25.9 - https:\/\/yoast.com\/wordpress\/plugins\/seo\/ -->\n<title>El Xiroi \u00e9s un Restaurant de Fam\u00edlia Nuri<\/title>\n<meta name=\"description\" content=\"A la Fam\u00edlia Nuri, portem tota una vida entre arrossos i tapes a Barcelona, celebrant les nostres arrels culin\u00e0ries amb passi\u00f3 i devoci\u00f3.\" \/>\n<meta name=\"robots\" content=\"index, follow, max-snippet:-1, max-image-preview:large, max-video-preview:-1\" \/>\n<link rel=\"canonical\" href=\"https:\/\/restaurantxiroi.com\/en\/familia-nuri\/\" \/>\n<meta property=\"og:locale\" content=\"en_US\" \/>\n<meta property=\"og:type\" content=\"article\" \/>\n<meta property=\"og:title\" content=\"El Xiroi \u00e9s un Restaurant de Fam\u00edlia Nuri\" \/>\n<meta property=\"og:description\" content=\"A la Fam\u00edlia Nuri, portem tota una vida entre arrossos i tapes a Barcelona, celebrant les nostres arrels culin\u00e0ries amb passi\u00f3 i devoci\u00f3.\" \/>\n<meta property=\"og:url\" content=\"https:\/\/restaurantxiroi.com\/en\/familia-nuri\/\" \/>\n<meta property=\"og:site_name\" content=\"Restaurant Xiroi\" \/>\n<meta property=\"article:publisher\" content=\"https:\/\/www.facebook.com\/xiroibarcelona\" \/>\n<meta property=\"article:modified_time\" content=\"2025-11-18T15:08:53+00:00\" \/>\n<meta property=\"og:image\" content=\"https:\/\/restaurantxiroi.com\/wp-content\/uploads\/2025\/01\/illustration-nuri-ivan-bravo-xiroi-restaurant.png\" \/>\n<meta name=\"twitter:card\" content=\"summary_large_image\" \/>\n<meta name=\"twitter:label1\" content=\"Est. reading time\" \/>\n\t<meta name=\"twitter:data1\" content=\"1 minute\" \/>\n<script type=\"application\/ld+json\" class=\"yoast-schema-graph\">{\"@context\":\"https:\/\/schema.org\",\"@graph\":[{\"@type\":\"WebPage\",\"@id\":\"https:\/\/restaurantxiroi.com\/familia-nuri\/\",\"url\":\"https:\/\/restaurantxiroi.com\/familia-nuri\/\",\"name\":\"El Xiroi \u00e9s un Restaurant de Fam\u00edlia Nuri\",\"isPartOf\":{\"@id\":\"https:\/\/restaurantxiroi.com\/#website\"},\"primaryImageOfPage\":{\"@id\":\"https:\/\/restaurantxiroi.com\/familia-nuri\/#primaryimage\"},\"image\":{\"@id\":\"https:\/\/restaurantxiroi.com\/familia-nuri\/#primaryimage\"},\"thumbnailUrl\":\"https:\/\/restaurantxiroi.com\/wp-content\/uploads\/2025\/01\/illustration-nuri-ivan-bravo-xiroi-restaurant.png\",\"datePublished\":\"2024-05-05T06:05:49+00:00\",\"dateModified\":\"2025-11-18T15:08:53+00:00\",\"description\":\"A la Fam\u00edlia Nuri, portem tota una vida entre arrossos i tapes a Barcelona, celebrant les nostres arrels culin\u00e0ries amb passi\u00f3 i devoci\u00f3.\",\"breadcrumb\":{\"@id\":\"https:\/\/restaurantxiroi.com\/familia-nuri\/#breadcrumb\"},\"inLanguage\":\"en-US\",\"potentialAction\":[{\"@type\":\"ReadAction\",\"target\":[\"https:\/\/restaurantxiroi.com\/familia-nuri\/\"]}]},{\"@type\":\"ImageObject\",\"inLanguage\":\"en-US\",\"@id\":\"https:\/\/restaurantxiroi.com\/familia-nuri\/#primaryimage\",\"url\":\"https:\/\/restaurantxiroi.com\/wp-content\/uploads\/2025\/01\/illustration-nuri-ivan-bravo-xiroi-restaurant.png\",\"contentUrl\":\"https:\/\/restaurantxiroi.com\/wp-content\/uploads\/2025\/01\/illustration-nuri-ivan-bravo-xiroi-restaurant.png\"},{\"@type\":\"BreadcrumbList\",\"@id\":\"https:\/\/restaurantxiroi.com\/familia-nuri\/#breadcrumb\",\"itemListElement\":[{\"@type\":\"ListItem\",\"position\":1,\"name\":\"Home\",\"item\":\"https:\/\/restaurantxiroi.com\/\"},{\"@type\":\"ListItem\",\"position\":2,\"name\":\"FAMILIA NURI\"}]},{\"@type\":\"WebSite\",\"@id\":\"https:\/\/restaurantxiroi.com\/#website\",\"url\":\"https:\/\/restaurantxiroi.com\/\",\"name\":\"Restaurant Xiroi\",\"description\":\"\",\"publisher\":{\"@id\":\"https:\/\/restaurantxiroi.com\/#organization\"},\"potentialAction\":[{\"@type\":\"SearchAction\",\"target\":{\"@type\":\"EntryPoint\",\"urlTemplate\":\"https:\/\/restaurantxiroi.com\/?s={search_term_string}\"},\"query-input\":{\"@type\":\"PropertyValueSpecification\",\"valueRequired\":true,\"valueName\":\"search_term_string\"}}],\"inLanguage\":\"en-US\"},{\"@type\":\"Organization\",\"@id\":\"https:\/\/restaurantxiroi.com\/#organization\",\"name\":\"Restaurant Xiroi\",\"url\":\"https:\/\/restaurantxiroi.com\/\",\"logo\":{\"@type\":\"ImageObject\",\"inLanguage\":\"en-US\",\"@id\":\"https:\/\/restaurantxiroi.com\/#\/schema\/logo\/image\/\",\"url\":\"https:\/\/restaurantxiroi.com\/wp-content\/uploads\/2024\/05\/LOGO-XIROI.svg\",\"contentUrl\":\"https:\/\/restaurantxiroi.com\/wp-content\/uploads\/2024\/05\/LOGO-XIROI.svg\",\"caption\":\"Restaurant Xiroi\"},\"image\":{\"@id\":\"https:\/\/restaurantxiroi.com\/#\/schema\/logo\/image\/\"},\"sameAs\":[\"https:\/\/www.facebook.com\/xiroibarcelona\",\"https:\/\/www.instagram.com\/xiroibarcelona\/\"]}]}<\/script>\n<!-- \/ Yoast SEO plugin. -->","yoast_head_json":{"title":"Xiroi is a Familia Nuri Restaurant","description":"At Familia Nuri, we have spent a lifetime inmersed in paellas and tapas in Barcelona, \u200b\u200bcelebrating our culinary roots with passion and devotion.","robots":{"index":"index","follow":"follow","max-snippet":"max-snippet:-1","max-image-preview":"max-image-preview:large","max-video-preview":"max-video-preview:-1"},"canonical":"https:\/\/restaurantxiroi.com\/en\/familia-nuri\/","og_locale":"en_US","og_type":"article","og_title":"El Xiroi \u00e9s un Restaurant de Fam\u00edlia Nuri","og_description":"A la Fam\u00edlia Nuri, portem tota una vida entre arrossos i tapes a Barcelona, celebrant les nostres arrels culin\u00e0ries amb passi\u00f3 i devoci\u00f3.","og_url":"https:\/\/restaurantxiroi.com\/en\/familia-nuri\/","og_site_name":"Restaurant Xiroi","article_publisher":"https:\/\/www.facebook.com\/xiroibarcelona","article_modified_time":"2025-11-18T15:08:53+00:00","og_image":[{"url":"https:\/\/restaurantxiroi.com\/wp-content\/uploads\/2025\/01\/illustration-nuri-ivan-bravo-xiroi-restaurant.png","type":"","width":"","height":""}],"twitter_card":"summary_large_image","twitter_misc":{"Est. reading time":"1 minute"},"schema":{"@context":"https:\/\/schema.org","@graph":[{"@type":"WebPage","@id":"https:\/\/restaurantxiroi.com\/familia-nuri\/","url":"https:\/\/restaurantxiroi.com\/familia-nuri\/","name":"Xiroi is a Familia Nuri Restaurant","isPartOf":{"@id":"https:\/\/restaurantxiroi.com\/#website"},"primaryImageOfPage":{"@id":"https:\/\/restaurantxiroi.com\/familia-nuri\/#primaryimage"},"image":{"@id":"https:\/\/restaurantxiroi.com\/familia-nuri\/#primaryimage"},"thumbnailUrl":"https:\/\/restaurantxiroi.com\/wp-content\/uploads\/2025\/01\/illustration-nuri-ivan-bravo-xiroi-restaurant.png","datePublished":"2024-05-05T06:05:49+00:00","dateModified":"2025-11-18T15:08:53+00:00","description":"At Familia Nuri, we have spent a lifetime inmersed in paellas and tapas in Barcelona, \u200b\u200bcelebrating our culinary roots with passion and devotion.","breadcrumb":{"@id":"https:\/\/restaurantxiroi.com\/familia-nuri\/#breadcrumb"},"inLanguage":"en-US","potentialAction":[{"@type":"ReadAction","target":["https:\/\/restaurantxiroi.com\/familia-nuri\/"]}]},{"@type":"ImageObject","inLanguage":"en-US","@id":"https:\/\/restaurantxiroi.com\/familia-nuri\/#primaryimage","url":"https:\/\/restaurantxiroi.com\/wp-content\/uploads\/2025\/01\/illustration-nuri-ivan-bravo-xiroi-restaurant.png","contentUrl":"https:\/\/restaurantxiroi.com\/wp-content\/uploads\/2025\/01\/illustration-nuri-ivan-bravo-xiroi-restaurant.png"},{"@type":"BreadcrumbList","@id":"https:\/\/restaurantxiroi.com\/familia-nuri\/#breadcrumb","itemListElement":[{"@type":"ListItem","position":1,"name":"Home","item":"https:\/\/restaurantxiroi.com\/"},{"@type":"ListItem","position":2,"name":"FAMILIA NURI"}]},{"@type":"WebSite","@id":"https:\/\/restaurantxiroi.com\/#website","url":"https:\/\/restaurantxiroi.com\/","name":"Xiroi Restaurant","description":"","publisher":{"@id":"https:\/\/restaurantxiroi.com\/#organization"},"potentialAction":[{"@type":"SearchAction","target":{"@type":"EntryPoint","urlTemplate":"https:\/\/restaurantxiroi.com\/?s={search_term_string}"},"query-input":{"@type":"PropertyValueSpecification","valueRequired":true,"valueName":"search_term_string"}}],"inLanguage":"en-US"},{"@type":"Organization","@id":"https:\/\/restaurantxiroi.com\/#organization","name":"Xiroi Restaurant","url":"https:\/\/restaurantxiroi.com\/","logo":{"@type":"ImageObject","inLanguage":"en-US","@id":"https:\/\/restaurantxiroi.com\/#\/schema\/logo\/image\/","url":"https:\/\/restaurantxiroi.com\/wp-content\/uploads\/2024\/05\/LOGO-XIROI.svg","contentUrl":"https:\/\/restaurantxiroi.com\/wp-content\/uploads\/2024\/05\/LOGO-XIROI.svg","caption":"Restaurant Xiroi"},"image":{"@id":"https:\/\/restaurantxiroi.com\/#\/schema\/logo\/image\/"},"sameAs":["https:\/\/www.facebook.com\/xiroibarcelona","https:\/\/www.instagram.com\/xiroibarcelona\/"]}]}},"_links":{"self":[{"href":"https:\/\/restaurantxiroi.com\/en\/wp-json\/wp\/v2\/pages\/316","targetHints":{"allow":["GET"]}}],"collection":[{"href":"https:\/\/restaurantxiroi.com\/en\/wp-json\/wp\/v2\/pages"}],"about":[{"href":"https:\/\/restaurantxiroi.com\/en\/wp-json\/wp\/v2\/types\/page"}],"author":[{"embeddable":true,"href":"https:\/\/restaurantxiroi.com\/en\/wp-json\/wp\/v2\/users\/1"}],"replies":[{"embeddable":true,"href":"https:\/\/restaurantxiroi.com\/en\/wp-json\/wp\/v2\/comments?post=316"}],"version-history":[{"count":124,"href":"https:\/\/restaurantxiroi.com\/en\/wp-json\/wp\/v2\/pages\/316\/revisions"}],"predecessor-version":[{"id":3007,"href":"https:\/\/restaurantxiroi.com\/en\/wp-json\/wp\/v2\/pages\/316\/revisions\/3007"}],"wp:attachment":[{"href":"https:\/\/restaurantxiroi.com\/en\/wp-json\/wp\/v2\/media?parent=316"}],"curies":[{"name":"wp","href":"https:\/\/api.w.org\/{rel}","templated":true}]}}